{"id":6,"date":"2026-04-24T11:23:06","date_gmt":"2026-04-24T09:23:06","guid":{"rendered":"http:\/\/muycunado.cefove.es\/?page_id=6"},"modified":"2026-04-24T11:24:36","modified_gmt":"2026-04-24T09:24:36","slug":"mipagin","status":"publish","type":"page","link":"https:\/\/muycunado.cefove.es\/index.php\/mipagin\/","title":{"rendered":"mipagina"},"content":{"rendered":"\n<p>asfdasdfujahsulfjas+df\u00e7<\/p>\n\n\n\n<p>asdf<\/p>\n\n\n\n<p>asdfasdlfklnasl\u00f1df<\/p>\n\n\n\n<p>asdfa\u00e7sdf\u00e7asd<\/p>\n\n\n\n<p>fas<\/p>\n\n\n\n<p>df<\/p>\n\n\n\n<p>asdf<\/p>\n\n\n\n<p>adsf<\/p>\n\n\n\n<figure class=\"wp-block-image size-full\"><img loading=\"lazy\" decoding=\"async\" width=\"564\" height=\"624\" src=\"http:\/\/muycunado.cefove.es\/wp-content\/uploads\/2026\/04\/lejia.jpg\" alt=\"\" class=\"wp-image-12\" srcset=\"https:\/\/muycunado.cefove.es\/wp-content\/uploads\/2026\/04\/lejia.jpg 564w, https:\/\/muycunado.cefove.es\/wp-content\/uploads\/2026\/04\/lejia-271x300.jpg 271w\" sizes=\"auto, (max-width: 564px) 100vw, 564px\" \/><\/figure>\n","protected":false},"excerpt":{"rendered":"<p>asfdasdfujahsulfjas+df\u00e7 asdf asdfasdlfklnasl\u00f1df asdfa\u00e7sdf\u00e7asd fas df asdf adsf<\/p>\n","protected":false},"author":1,"featured_media":0,"parent":0,"menu_order":0,"comment_status":"closed","ping_status":"closed","template":"","meta":{"footnotes":""},"class_list":["post-6","page","type-page","status-publish","hentry"],"_links":{"self":[{"href":"https:\/\/muycunado.cefove.es\/index.php\/wp-json\/wp\/v2\/pages\/6","targetHints":{"allow":["GET"]}}],"collection":[{"href":"https:\/\/muycunado.cefove.es\/index.php\/wp-json\/wp\/v2\/pages"}],"about":[{"href":"https:\/\/muycunado.cefove.es\/index.php\/wp-json\/wp\/v2\/types\/page"}],"author":[{"embeddable":true,"href":"https:\/\/muycunado.cefove.es\/index.php\/wp-json\/wp\/v2\/users\/1"}],"replies":[{"embeddable":true,"href":"https:\/\/muycunado.cefove.es\/index.php\/wp-json\/wp\/v2\/comments?post=6"}],"version-history":[{"count":5,"href":"https:\/\/muycunado.cefove.es\/index.php\/wp-json\/wp\/v2\/pages\/6\/revisions"}],"predecessor-version":[{"id":13,"href":"https:\/\/muycunado.cefove.es\/index.php\/wp-json\/wp\/v2\/pages\/6\/revisions\/13"}],"wp:attachment":[{"href":"https:\/\/muycunado.cefove.es\/index.php\/wp-json\/wp\/v2\/media?parent=6"}],"curies":[{"name":"wp","href":"https:\/\/api.w.org\/{rel}","templated":true}]}}